{"id":492,"date":"2018-09-11T07:20:25","date_gmt":"2018-09-11T07:20:25","guid":{"rendered":"https:\/\/store.actimeat.com\/?post_type=product&#038;p=492"},"modified":"2021-01-11T09:36:53","modified_gmt":"2021-01-11T09:36:53","slug":"boulettes-veggie","status":"publish","type":"product","link":"https:\/\/store.actimeat.com\/fr\/produit\/boulettes-veggie\/","title":{"rendered":"Boulettes Veggie"},"content":{"rendered":"<p class=\"txt-description-produit\">On a travaill\u00e9 pour vous sur des boulettes 100% v\u00e9g\u00e9tales, cuisin\u00e9es, \u00e0 la texture moelleuse afin de vous apporter une r\u00e9ponse adapt\u00e9e aux tendances du march\u00e9.<\/p>\n<p class=\"txt-description-produit\">D\u00e9licatement relev\u00e9es\u00a0aux \u00e9pices douces, elles vous s\u00e9duiront par leur moelleux et leur croustillant.<\/p>\n","protected":false},"excerpt":{"rendered":"<p>On a travaill\u00e9 pour vous sur des boulettes 100% v\u00e9g\u00e9tales, cuisin\u00e9es, \u00e0 la texture moelleuse afin de vous apporter une [&hellip;]<\/p>\n","protected":false},"featured_media":493,"comment_status":"open","ping_status":"closed","template":"","meta":{"_mi_skip_tracking":false,"_exactmetrics_sitenote_active":false,"_exactmetrics_sitenote_note":"","_exactmetrics_sitenote_category":0,"spay_email":""},"product_cat":[103,27,29,31,33,25,39],"product_tag":[],"acf":[],"yoast_head":"<!-- This site is optimized with the Yoast SEO plugin v18.1 - https:\/\/yoast.com\/wordpress\/plugins\/seo\/ -->\n<title>Boulettes Veggie | Grossiste produits vegan | Actimeat Store<\/title>\n<meta name=\"description\" content=\"Boulettes 100% v\u00e9g\u00e9tales, cuisin\u00e9es. Texture moelleuse. Pour les industriels, c&#039;est une v\u00e9ritable r\u00e9ponse adapt\u00e9e aux tendances du march\u00e9.\" \/>\n<meta name=\"robots\" content=\"index, follow, max-snippet:-1, max-image-preview:large, max-video-preview:-1\" \/>\n<link rel=\"canonical\" href=\"https:\/\/store.actimeat.com\/fr\/produit\/boulettes-veggie\/\" \/>\n<meta property=\"og:locale\" content=\"fr_FR\" \/>\n<meta property=\"og:type\" content=\"article\" \/>\n<meta property=\"og:title\" content=\"Boulettes Veggie | Grossiste produits vegan | Actimeat Store\" \/>\n<meta property=\"og:description\" content=\"Boulettes 100% v\u00e9g\u00e9tales, cuisin\u00e9es. Texture moelleuse. Pour les industriels, c&#039;est une v\u00e9ritable r\u00e9ponse adapt\u00e9e aux tendances du march\u00e9.\" \/>\n<meta property=\"og:url\" content=\"https:\/\/store.actimeat.com\/fr\/produit\/boulettes-veggie\/\" \/>\n<meta property=\"og:site_name\" content=\"Actimeat\" \/>\n<meta property=\"article:modified_time\" content=\"2021-01-11T09:36:53+00:00\" \/>\n<meta property=\"og:image\" content=\"https:\/\/store.actimeat.com\/wp-content\/uploads\/2018\/09\/actimeat-boulettes-veggie.jpg\" \/>\n\t<meta property=\"og:image:width\" content=\"521\" \/>\n\t<meta property=\"og:image:height\" content=\"391\" \/>\n\t<meta property=\"og:image:type\" content=\"image\/jpeg\" \/>\n<meta name=\"twitter:card\" content=\"summary_large_image\" \/>\n<script type=\"application\/ld+json\" class=\"yoast-schema-graph\">{\"@context\":\"https:\/\/schema.org\",\"@graph\":[{\"@type\":\"WebSite\",\"@id\":\"https:\/\/store.actimeat.com\/fr\/#website\",\"url\":\"https:\/\/store.actimeat.com\/fr\/\",\"name\":\"Actimeat\",\"description\":\"Actimeat\",\"potentialAction\":[{\"@type\":\"SearchAction\",\"target\":{\"@type\":\"EntryPoint\",\"urlTemplate\":\"https:\/\/store.actimeat.com\/fr\/?s={search_term_string}\"},\"query-input\":\"required name=search_term_string\"}],\"inLanguage\":\"fr-FR\"},{\"@type\":\"ImageObject\",\"@id\":\"https:\/\/store.actimeat.com\/fr\/produit\/boulettes-veggie\/#primaryimage\",\"inLanguage\":\"fr-FR\",\"url\":\"https:\/\/store.actimeat.com\/wp-content\/uploads\/2018\/09\/actimeat-boulettes-veggie.jpg\",\"contentUrl\":\"https:\/\/store.actimeat.com\/wp-content\/uploads\/2018\/09\/actimeat-boulettes-veggie.jpg\",\"width\":521,\"height\":391,\"caption\":\"actimeat-boulettes-veggie\"},{\"@type\":\"WebPage\",\"@id\":\"https:\/\/store.actimeat.com\/fr\/produit\/boulettes-veggie\/#webpage\",\"url\":\"https:\/\/store.actimeat.com\/fr\/produit\/boulettes-veggie\/\",\"name\":\"Boulettes Veggie | Grossiste produits vegan | Actimeat Store\",\"isPartOf\":{\"@id\":\"https:\/\/store.actimeat.com\/fr\/#website\"},\"primaryImageOfPage\":{\"@id\":\"https:\/\/store.actimeat.com\/fr\/produit\/boulettes-veggie\/#primaryimage\"},\"datePublished\":\"2018-09-11T07:20:25+00:00\",\"dateModified\":\"2021-01-11T09:36:53+00:00\",\"description\":\"Boulettes 100% v\u00e9g\u00e9tales, cuisin\u00e9es. Texture moelleuse. Pour les industriels, c'est une v\u00e9ritable r\u00e9ponse adapt\u00e9e aux tendances du march\u00e9.\",\"breadcrumb\":{\"@id\":\"https:\/\/store.actimeat.com\/fr\/produit\/boulettes-veggie\/#breadcrumb\"},\"inLanguage\":\"fr-FR\",\"potentialAction\":[{\"@type\":\"ReadAction\",\"target\":[\"https:\/\/store.actimeat.com\/fr\/produit\/boulettes-veggie\/\"]}]},{\"@type\":\"BreadcrumbList\",\"@id\":\"https:\/\/store.actimeat.com\/fr\/produit\/boulettes-veggie\/#breadcrumb\",\"itemListElement\":[{\"@type\":\"ListItem\",\"position\":1,\"name\":\"Accueil\",\"item\":\"https:\/\/store.actimeat.com\/fr\/\"},{\"@type\":\"ListItem\",\"position\":2,\"name\":\"Boutique\",\"item\":\"https:\/\/store.actimeat.com\/fr\/boutique\/\"},{\"@type\":\"ListItem\",\"position\":3,\"name\":\"Boulettes Veggie\"}]}]}<\/script>\n<!-- \/ Yoast SEO plugin. -->","yoast_head_json":{"title":"Boulettes Veggie | Grossiste produits vegan | Actimeat Store","description":"Boulettes 100% v\u00e9g\u00e9tales, cuisin\u00e9es. Texture moelleuse. Pour les industriels, c'est une v\u00e9ritable r\u00e9ponse adapt\u00e9e aux tendances du march\u00e9.","robots":{"index":"index","follow":"follow","max-snippet":"max-snippet:-1","max-image-preview":"max-image-preview:large","max-video-preview":"max-video-preview:-1"},"canonical":"https:\/\/store.actimeat.com\/fr\/produit\/boulettes-veggie\/","og_locale":"fr_FR","og_type":"article","og_title":"Boulettes Veggie | Grossiste produits vegan | Actimeat Store","og_description":"Boulettes 100% v\u00e9g\u00e9tales, cuisin\u00e9es. Texture moelleuse. Pour les industriels, c'est une v\u00e9ritable r\u00e9ponse adapt\u00e9e aux tendances du march\u00e9.","og_url":"https:\/\/store.actimeat.com\/fr\/produit\/boulettes-veggie\/","og_site_name":"Actimeat","article_modified_time":"2021-01-11T09:36:53+00:00","og_image":[{"width":521,"height":391,"url":"https:\/\/store.actimeat.com\/wp-content\/uploads\/2018\/09\/actimeat-boulettes-veggie.jpg","type":"image\/jpeg"}],"twitter_card":"summary_large_image","schema":{"@context":"https:\/\/schema.org","@graph":[{"@type":"WebSite","@id":"https:\/\/store.actimeat.com\/fr\/#website","url":"https:\/\/store.actimeat.com\/fr\/","name":"Actimeat","description":"Actimeat","potentialAction":[{"@type":"SearchAction","target":{"@type":"EntryPoint","urlTemplate":"https:\/\/store.actimeat.com\/fr\/?s={search_term_string}"},"query-input":"required name=search_term_string"}],"inLanguage":"fr-FR"},{"@type":"ImageObject","@id":"https:\/\/store.actimeat.com\/fr\/produit\/boulettes-veggie\/#primaryimage","inLanguage":"fr-FR","url":"https:\/\/store.actimeat.com\/wp-content\/uploads\/2018\/09\/actimeat-boulettes-veggie.jpg","contentUrl":"https:\/\/store.actimeat.com\/wp-content\/uploads\/2018\/09\/actimeat-boulettes-veggie.jpg","width":521,"height":391,"caption":"actimeat-boulettes-veggie"},{"@type":"WebPage","@id":"https:\/\/store.actimeat.com\/fr\/produit\/boulettes-veggie\/#webpage","url":"https:\/\/store.actimeat.com\/fr\/produit\/boulettes-veggie\/","name":"Boulettes Veggie | Grossiste produits vegan | Actimeat Store","isPartOf":{"@id":"https:\/\/store.actimeat.com\/fr\/#website"},"primaryImageOfPage":{"@id":"https:\/\/store.actimeat.com\/fr\/produit\/boulettes-veggie\/#primaryimage"},"datePublished":"2018-09-11T07:20:25+00:00","dateModified":"2021-01-11T09:36:53+00:00","description":"Boulettes 100% v\u00e9g\u00e9tales, cuisin\u00e9es. Texture moelleuse. Pour les industriels, c'est une v\u00e9ritable r\u00e9ponse adapt\u00e9e aux tendances du march\u00e9.","breadcrumb":{"@id":"https:\/\/store.actimeat.com\/fr\/produit\/boulettes-veggie\/#breadcrumb"},"inLanguage":"fr-FR","potentialAction":[{"@type":"ReadAction","target":["https:\/\/store.actimeat.com\/fr\/produit\/boulettes-veggie\/"]}]},{"@type":"BreadcrumbList","@id":"https:\/\/store.actimeat.com\/fr\/produit\/boulettes-veggie\/#breadcrumb","itemListElement":[{"@type":"ListItem","position":1,"name":"Accueil","item":"https:\/\/store.actimeat.com\/fr\/"},{"@type":"ListItem","position":2,"name":"Boutique","item":"https:\/\/store.actimeat.com\/fr\/boutique\/"},{"@type":"ListItem","position":3,"name":"Boulettes Veggie"}]}]}},"_links":{"self":[{"href":"https:\/\/store.actimeat.com\/fr\/wp-json\/wp\/v2\/product\/492"}],"collection":[{"href":"https:\/\/store.actimeat.com\/fr\/wp-json\/wp\/v2\/product"}],"about":[{"href":"https:\/\/store.actimeat.com\/fr\/wp-json\/wp\/v2\/types\/product"}],"replies":[{"embeddable":true,"href":"https:\/\/store.actimeat.com\/fr\/wp-json\/wp\/v2\/comments?post=492"}],"wp:featuredmedia":[{"embeddable":true,"href":"https:\/\/store.actimeat.com\/fr\/wp-json\/wp\/v2\/media\/493"}],"wp:attachment":[{"href":"https:\/\/store.actimeat.com\/fr\/wp-json\/wp\/v2\/media?parent=492"}],"wp:term":[{"taxonomy":"product_cat","embeddable":true,"href":"https:\/\/store.actimeat.com\/fr\/wp-json\/wp\/v2\/product_cat?post=492"},{"taxonomy":"product_tag","embeddable":true,"href":"https:\/\/store.actimeat.com\/fr\/wp-json\/wp\/v2\/product_tag?post=492"}],"curies":[{"name":"wp","href":"https:\/\/api.w.org\/{rel}","templated":true}]}}