{"id":445,"date":"2018-09-10T17:18:02","date_gmt":"2018-09-10T17:18:02","guid":{"rendered":"https:\/\/store.actimeat.com\/?post_type=product&#038;p=445"},"modified":"2022-02-01T11:30:02","modified_gmt":"2022-02-01T11:30:02","slug":"egrene-veggie","status":"publish","type":"product","link":"https:\/\/store.actimeat.com\/fr\/produit\/egrene-veggie\/","title":{"rendered":"Egren\u00e9 Veggie"},"content":{"rendered":"<p class=\"txt-description-produit\">On vous a concoct\u00e9 un \u00e9gren\u00e9 100 % v\u00e9g\u00e9tal, cuisin\u00e9, \u00e0 la texture moelleuse afin de vous apporter une r\u00e9ponse adapt\u00e9e aux tendances du march\u00e9.<\/p>\n<p class=\"txt-description-produit\">Garanti sans allerg\u00e8ne, il est id\u00e9al pour vos pr\u00e9parations \u00ab\u00a0v\u00e9g\u00e9talis\u00e9es\u00a0\u00bb.<\/p>\n","protected":false},"excerpt":{"rendered":"<p>On vous a concoct\u00e9 un \u00e9gren\u00e9 100 % v\u00e9g\u00e9tal, cuisin\u00e9, \u00e0 la texture moelleuse afin de vous apporter une r\u00e9ponse [&hellip;]<\/p>\n","protected":false},"featured_media":491,"comment_status":"open","ping_status":"closed","template":"","meta":{"_mi_skip_tracking":false,"_exactmetrics_sitenote_active":false,"_exactmetrics_sitenote_note":"","_exactmetrics_sitenote_category":0,"spay_email":""},"product_cat":[27,28,29,30,31,32,33,25,39],"product_tag":[],"acf":[],"yoast_head":"<!-- This site is optimized with the Yoast SEO plugin v18.1 - https:\/\/yoast.com\/wordpress\/plugins\/seo\/ -->\n<title>Egren\u00e9 Veggie | Grossiste produits vegan | Actimeat Store<\/title>\n<meta name=\"description\" content=\"Egren\u00e9 100 % v\u00e9g\u00e9tal, cuisin\u00e9, \u00e0 la texture moelleuse. Pour les industriels, c&#039;est une v\u00e9ritable r\u00e9ponse adapt\u00e9e aux tendances du march\u00e9.\" \/>\n<meta name=\"robots\" content=\"index, follow, max-snippet:-1, max-image-preview:large, max-video-preview:-1\" \/>\n<link rel=\"canonical\" href=\"https:\/\/store.actimeat.com\/fr\/produit\/egrene-veggie\/\" \/>\n<meta property=\"og:locale\" content=\"fr_FR\" \/>\n<meta property=\"og:type\" content=\"article\" \/>\n<meta property=\"og:title\" content=\"Egren\u00e9 Veggie | Grossiste produits vegan | Actimeat Store\" \/>\n<meta property=\"og:description\" content=\"Egren\u00e9 100 % v\u00e9g\u00e9tal, cuisin\u00e9, \u00e0 la texture moelleuse. Pour les industriels, c&#039;est une v\u00e9ritable r\u00e9ponse adapt\u00e9e aux tendances du march\u00e9.\" \/>\n<meta property=\"og:url\" content=\"https:\/\/store.actimeat.com\/fr\/produit\/egrene-veggie\/\" \/>\n<meta property=\"og:site_name\" content=\"Actimeat\" \/>\n<meta property=\"article:modified_time\" content=\"2022-02-01T11:30:02+00:00\" \/>\n<meta property=\"og:image\" content=\"https:\/\/store.actimeat.com\/wp-content\/uploads\/2018\/09\/actimeat-egrene-veggie.jpg\" \/>\n\t<meta property=\"og:image:width\" content=\"521\" \/>\n\t<meta property=\"og:image:height\" content=\"391\" \/>\n\t<meta property=\"og:image:type\" content=\"image\/jpeg\" \/>\n<meta name=\"twitter:card\" content=\"summary_large_image\" \/>\n<script type=\"application\/ld+json\" class=\"yoast-schema-graph\">{\"@context\":\"https:\/\/schema.org\",\"@graph\":[{\"@type\":\"WebSite\",\"@id\":\"https:\/\/store.actimeat.com\/fr\/#website\",\"url\":\"https:\/\/store.actimeat.com\/fr\/\",\"name\":\"Actimeat\",\"description\":\"Actimeat\",\"potentialAction\":[{\"@type\":\"SearchAction\",\"target\":{\"@type\":\"EntryPoint\",\"urlTemplate\":\"https:\/\/store.actimeat.com\/fr\/?s={search_term_string}\"},\"query-input\":\"required name=search_term_string\"}],\"inLanguage\":\"fr-FR\"},{\"@type\":\"ImageObject\",\"@id\":\"https:\/\/store.actimeat.com\/fr\/produit\/egrene-veggie\/#primaryimage\",\"inLanguage\":\"fr-FR\",\"url\":\"https:\/\/store.actimeat.com\/wp-content\/uploads\/2018\/09\/actimeat-egrene-veggie.jpg\",\"contentUrl\":\"https:\/\/store.actimeat.com\/wp-content\/uploads\/2018\/09\/actimeat-egrene-veggie.jpg\",\"width\":521,\"height\":391,\"caption\":\"actimeat-egrene-veggie\"},{\"@type\":\"WebPage\",\"@id\":\"https:\/\/store.actimeat.com\/fr\/produit\/egrene-veggie\/#webpage\",\"url\":\"https:\/\/store.actimeat.com\/fr\/produit\/egrene-veggie\/\",\"name\":\"Egren\u00e9 Veggie | Grossiste produits vegan | Actimeat Store\",\"isPartOf\":{\"@id\":\"https:\/\/store.actimeat.com\/fr\/#website\"},\"primaryImageOfPage\":{\"@id\":\"https:\/\/store.actimeat.com\/fr\/produit\/egrene-veggie\/#primaryimage\"},\"datePublished\":\"2018-09-10T17:18:02+00:00\",\"dateModified\":\"2022-02-01T11:30:02+00:00\",\"description\":\"Egren\u00e9 100 % v\u00e9g\u00e9tal, cuisin\u00e9, \u00e0 la texture moelleuse. Pour les industriels, c'est une v\u00e9ritable r\u00e9ponse adapt\u00e9e aux tendances du march\u00e9.\",\"breadcrumb\":{\"@id\":\"https:\/\/store.actimeat.com\/fr\/produit\/egrene-veggie\/#breadcrumb\"},\"inLanguage\":\"fr-FR\",\"potentialAction\":[{\"@type\":\"ReadAction\",\"target\":[\"https:\/\/store.actimeat.com\/fr\/produit\/egrene-veggie\/\"]}]},{\"@type\":\"BreadcrumbList\",\"@id\":\"https:\/\/store.actimeat.com\/fr\/produit\/egrene-veggie\/#breadcrumb\",\"itemListElement\":[{\"@type\":\"ListItem\",\"position\":1,\"name\":\"Accueil\",\"item\":\"https:\/\/store.actimeat.com\/fr\/\"},{\"@type\":\"ListItem\",\"position\":2,\"name\":\"Boutique\",\"item\":\"https:\/\/store.actimeat.com\/fr\/boutique\/\"},{\"@type\":\"ListItem\",\"position\":3,\"name\":\"Egren\u00e9 Veggie\"}]}]}<\/script>\n<!-- \/ Yoast SEO plugin. -->","yoast_head_json":{"title":"Egren\u00e9 Veggie | Grossiste produits vegan | Actimeat Store","description":"Egren\u00e9 100 % v\u00e9g\u00e9tal, cuisin\u00e9, \u00e0 la texture moelleuse. Pour les industriels, c'est une v\u00e9ritable r\u00e9ponse adapt\u00e9e aux tendances du march\u00e9.","robots":{"index":"index","follow":"follow","max-snippet":"max-snippet:-1","max-image-preview":"max-image-preview:large","max-video-preview":"max-video-preview:-1"},"canonical":"https:\/\/store.actimeat.com\/fr\/produit\/egrene-veggie\/","og_locale":"fr_FR","og_type":"article","og_title":"Egren\u00e9 Veggie | Grossiste produits vegan | Actimeat Store","og_description":"Egren\u00e9 100 % v\u00e9g\u00e9tal, cuisin\u00e9, \u00e0 la texture moelleuse. Pour les industriels, c'est une v\u00e9ritable r\u00e9ponse adapt\u00e9e aux tendances du march\u00e9.","og_url":"https:\/\/store.actimeat.com\/fr\/produit\/egrene-veggie\/","og_site_name":"Actimeat","article_modified_time":"2022-02-01T11:30:02+00:00","og_image":[{"width":521,"height":391,"url":"https:\/\/store.actimeat.com\/wp-content\/uploads\/2018\/09\/actimeat-egrene-veggie.jpg","type":"image\/jpeg"}],"twitter_card":"summary_large_image","schema":{"@context":"https:\/\/schema.org","@graph":[{"@type":"WebSite","@id":"https:\/\/store.actimeat.com\/fr\/#website","url":"https:\/\/store.actimeat.com\/fr\/","name":"Actimeat","description":"Actimeat","potentialAction":[{"@type":"SearchAction","target":{"@type":"EntryPoint","urlTemplate":"https:\/\/store.actimeat.com\/fr\/?s={search_term_string}"},"query-input":"required name=search_term_string"}],"inLanguage":"fr-FR"},{"@type":"ImageObject","@id":"https:\/\/store.actimeat.com\/fr\/produit\/egrene-veggie\/#primaryimage","inLanguage":"fr-FR","url":"https:\/\/store.actimeat.com\/wp-content\/uploads\/2018\/09\/actimeat-egrene-veggie.jpg","contentUrl":"https:\/\/store.actimeat.com\/wp-content\/uploads\/2018\/09\/actimeat-egrene-veggie.jpg","width":521,"height":391,"caption":"actimeat-egrene-veggie"},{"@type":"WebPage","@id":"https:\/\/store.actimeat.com\/fr\/produit\/egrene-veggie\/#webpage","url":"https:\/\/store.actimeat.com\/fr\/produit\/egrene-veggie\/","name":"Egren\u00e9 Veggie | Grossiste produits vegan | Actimeat Store","isPartOf":{"@id":"https:\/\/store.actimeat.com\/fr\/#website"},"primaryImageOfPage":{"@id":"https:\/\/store.actimeat.com\/fr\/produit\/egrene-veggie\/#primaryimage"},"datePublished":"2018-09-10T17:18:02+00:00","dateModified":"2022-02-01T11:30:02+00:00","description":"Egren\u00e9 100 % v\u00e9g\u00e9tal, cuisin\u00e9, \u00e0 la texture moelleuse. Pour les industriels, c'est une v\u00e9ritable r\u00e9ponse adapt\u00e9e aux tendances du march\u00e9.","breadcrumb":{"@id":"https:\/\/store.actimeat.com\/fr\/produit\/egrene-veggie\/#breadcrumb"},"inLanguage":"fr-FR","potentialAction":[{"@type":"ReadAction","target":["https:\/\/store.actimeat.com\/fr\/produit\/egrene-veggie\/"]}]},{"@type":"BreadcrumbList","@id":"https:\/\/store.actimeat.com\/fr\/produit\/egrene-veggie\/#breadcrumb","itemListElement":[{"@type":"ListItem","position":1,"name":"Accueil","item":"https:\/\/store.actimeat.com\/fr\/"},{"@type":"ListItem","position":2,"name":"Boutique","item":"https:\/\/store.actimeat.com\/fr\/boutique\/"},{"@type":"ListItem","position":3,"name":"Egren\u00e9 Veggie"}]}]}},"_links":{"self":[{"href":"https:\/\/store.actimeat.com\/fr\/wp-json\/wp\/v2\/product\/445"}],"collection":[{"href":"https:\/\/store.actimeat.com\/fr\/wp-json\/wp\/v2\/product"}],"about":[{"href":"https:\/\/store.actimeat.com\/fr\/wp-json\/wp\/v2\/types\/product"}],"replies":[{"embeddable":true,"href":"https:\/\/store.actimeat.com\/fr\/wp-json\/wp\/v2\/comments?post=445"}],"wp:featuredmedia":[{"embeddable":true,"href":"https:\/\/store.actimeat.com\/fr\/wp-json\/wp\/v2\/media\/491"}],"wp:attachment":[{"href":"https:\/\/store.actimeat.com\/fr\/wp-json\/wp\/v2\/media?parent=445"}],"wp:term":[{"taxonomy":"product_cat","embeddable":true,"href":"https:\/\/store.actimeat.com\/fr\/wp-json\/wp\/v2\/product_cat?post=445"},{"taxonomy":"product_tag","embeddable":true,"href":"https:\/\/store.actimeat.com\/fr\/wp-json\/wp\/v2\/product_tag?post=445"}],"curies":[{"name":"wp","href":"https:\/\/api.w.org\/{rel}","templated":true}]}}