{"id":335,"date":"2018-07-31T12:22:10","date_gmt":"2018-07-31T12:22:10","guid":{"rendered":"https:\/\/store.actimeat.com\/?post_type=product&#038;p=335"},"modified":"2022-02-01T13:02:54","modified_gmt":"2022-02-01T13:02:54","slug":"mix-porc-boeuf-cuit-25-mg","status":"publish","type":"product","link":"https:\/\/store.actimeat.com\/fr\/produit\/mix-porc-boeuf-cuit-25-mg\/","title":{"rendered":"Mix porc\/b\u0153uf cuit 25% MG"},"content":{"rendered":"<p class=\"txt-description-produit\">On vous propose un m\u00e9lange de viande de porc et b\u0153uf cuit, \u00e0 la texture moelleuse et au gout r\u00f4ti.<\/p>\n<p class=\"txt-description-produit\">\u00c9tudi\u00e9 pour \u00eatre la base id\u00e9ale d&rsquo;une multitude d&rsquo;applications, il sort un peu plus du lot dans des sauces de type \u00ab\u00a0bolognaise\u00a0\u00bb.<\/p>\n","protected":false},"excerpt":{"rendered":"<p>On vous propose un m\u00e9lange de viande de porc et b\u0153uf cuit, \u00e0 la texture moelleuse et au gout r\u00f4ti. [&hellip;]<\/p>\n","protected":false},"featured_media":336,"comment_status":"open","ping_status":"closed","template":"","meta":{"_mi_skip_tracking":false,"_exactmetrics_sitenote_active":false,"_exactmetrics_sitenote_note":"","_exactmetrics_sitenote_category":0,"spay_email":""},"product_cat":[111,27,29,30,31,33,23,40],"product_tag":[],"acf":[],"yoast_head":"<!-- This site is optimized with the Yoast SEO plugin v18.1 - https:\/\/yoast.com\/wordpress\/plugins\/seo\/ -->\n<title>Mix porc\/b\u0153uf + l\u00e9gumes cuits 25% MG | Grossiste viande | Actimeat Store<\/title>\n<meta name=\"description\" content=\"M\u00e9lange de viandes de b\u0153uf et de porc cuites avec des l\u00e9gumes. Cet \u00e9gren\u00e9 vous fera gagner du temps.\" \/>\n<meta name=\"robots\" content=\"index, follow, max-snippet:-1, max-image-preview:large, max-video-preview:-1\" \/>\n<link rel=\"canonical\" href=\"https:\/\/store.actimeat.com\/fr\/produit\/mix-porc-boeuf-cuit-25-mg\/\" \/>\n<meta property=\"og:locale\" content=\"fr_FR\" \/>\n<meta property=\"og:type\" content=\"article\" \/>\n<meta property=\"og:title\" content=\"Mix porc\/b\u0153uf + l\u00e9gumes cuits 25% MG | Grossiste viande | Actimeat Store\" \/>\n<meta property=\"og:description\" content=\"M\u00e9lange de viandes de b\u0153uf et de porc cuites avec des l\u00e9gumes. Cet \u00e9gren\u00e9 vous fera gagner du temps.\" \/>\n<meta property=\"og:url\" content=\"https:\/\/store.actimeat.com\/fr\/produit\/mix-porc-boeuf-cuit-25-mg\/\" \/>\n<meta property=\"og:site_name\" content=\"Actimeat\" \/>\n<meta property=\"article:modified_time\" content=\"2022-02-01T13:02:54+00:00\" \/>\n<meta property=\"og:image\" content=\"https:\/\/store.actimeat.com\/wp-content\/uploads\/2018\/07\/ACTIMEAT8629-MIX-PORC-BOEUF.jpg\" \/>\n\t<meta property=\"og:image:width\" content=\"521\" \/>\n\t<meta property=\"og:image:height\" content=\"391\" \/>\n\t<meta property=\"og:image:type\" content=\"image\/jpeg\" \/>\n<meta name=\"twitter:card\" content=\"summary_large_image\" \/>\n<script type=\"application\/ld+json\" class=\"yoast-schema-graph\">{\"@context\":\"https:\/\/schema.org\",\"@graph\":[{\"@type\":\"WebSite\",\"@id\":\"https:\/\/store.actimeat.com\/fr\/#website\",\"url\":\"https:\/\/store.actimeat.com\/fr\/\",\"name\":\"Actimeat\",\"description\":\"Actimeat\",\"potentialAction\":[{\"@type\":\"SearchAction\",\"target\":{\"@type\":\"EntryPoint\",\"urlTemplate\":\"https:\/\/store.actimeat.com\/fr\/?s={search_term_string}\"},\"query-input\":\"required name=search_term_string\"}],\"inLanguage\":\"fr-FR\"},{\"@type\":\"ImageObject\",\"@id\":\"https:\/\/store.actimeat.com\/fr\/produit\/mix-porc-boeuf-cuit-25-mg\/#primaryimage\",\"inLanguage\":\"fr-FR\",\"url\":\"https:\/\/store.actimeat.com\/wp-content\/uploads\/2018\/07\/ACTIMEAT8629-MIX-PORC-BOEUF.jpg\",\"contentUrl\":\"https:\/\/store.actimeat.com\/wp-content\/uploads\/2018\/07\/ACTIMEAT8629-MIX-PORC-BOEUF.jpg\",\"width\":521,\"height\":391},{\"@type\":\"WebPage\",\"@id\":\"https:\/\/store.actimeat.com\/fr\/produit\/mix-porc-boeuf-cuit-25-mg\/#webpage\",\"url\":\"https:\/\/store.actimeat.com\/fr\/produit\/mix-porc-boeuf-cuit-25-mg\/\",\"name\":\"Mix porc\/b\u0153uf + l\u00e9gumes cuits 25% MG | Grossiste viande | Actimeat Store\",\"isPartOf\":{\"@id\":\"https:\/\/store.actimeat.com\/fr\/#website\"},\"primaryImageOfPage\":{\"@id\":\"https:\/\/store.actimeat.com\/fr\/produit\/mix-porc-boeuf-cuit-25-mg\/#primaryimage\"},\"datePublished\":\"2018-07-31T12:22:10+00:00\",\"dateModified\":\"2022-02-01T13:02:54+00:00\",\"description\":\"M\u00e9lange de viandes de b\u0153uf et de porc cuites avec des l\u00e9gumes. Cet \u00e9gren\u00e9 vous fera gagner du temps.\",\"breadcrumb\":{\"@id\":\"https:\/\/store.actimeat.com\/fr\/produit\/mix-porc-boeuf-cuit-25-mg\/#breadcrumb\"},\"inLanguage\":\"fr-FR\",\"potentialAction\":[{\"@type\":\"ReadAction\",\"target\":[\"https:\/\/store.actimeat.com\/fr\/produit\/mix-porc-boeuf-cuit-25-mg\/\"]}]},{\"@type\":\"BreadcrumbList\",\"@id\":\"https:\/\/store.actimeat.com\/fr\/produit\/mix-porc-boeuf-cuit-25-mg\/#breadcrumb\",\"itemListElement\":[{\"@type\":\"ListItem\",\"position\":1,\"name\":\"Accueil\",\"item\":\"https:\/\/store.actimeat.com\/fr\/\"},{\"@type\":\"ListItem\",\"position\":2,\"name\":\"Boutique\",\"item\":\"https:\/\/store.actimeat.com\/fr\/boutique\/\"},{\"@type\":\"ListItem\",\"position\":3,\"name\":\"Mix porc\/b\u0153uf cuit 25% MG\"}]}]}<\/script>\n<!-- \/ Yoast SEO plugin. -->","yoast_head_json":{"title":"Mix porc\/b\u0153uf + l\u00e9gumes cuits 25% MG | Grossiste viande | Actimeat Store","description":"M\u00e9lange de viandes de b\u0153uf et de porc cuites avec des l\u00e9gumes. Cet \u00e9gren\u00e9 vous fera gagner du temps.","robots":{"index":"index","follow":"follow","max-snippet":"max-snippet:-1","max-image-preview":"max-image-preview:large","max-video-preview":"max-video-preview:-1"},"canonical":"https:\/\/store.actimeat.com\/fr\/produit\/mix-porc-boeuf-cuit-25-mg\/","og_locale":"fr_FR","og_type":"article","og_title":"Mix porc\/b\u0153uf + l\u00e9gumes cuits 25% MG | Grossiste viande | Actimeat Store","og_description":"M\u00e9lange de viandes de b\u0153uf et de porc cuites avec des l\u00e9gumes. Cet \u00e9gren\u00e9 vous fera gagner du temps.","og_url":"https:\/\/store.actimeat.com\/fr\/produit\/mix-porc-boeuf-cuit-25-mg\/","og_site_name":"Actimeat","article_modified_time":"2022-02-01T13:02:54+00:00","og_image":[{"width":521,"height":391,"url":"https:\/\/store.actimeat.com\/wp-content\/uploads\/2018\/07\/ACTIMEAT8629-MIX-PORC-BOEUF.jpg","type":"image\/jpeg"}],"twitter_card":"summary_large_image","schema":{"@context":"https:\/\/schema.org","@graph":[{"@type":"WebSite","@id":"https:\/\/store.actimeat.com\/fr\/#website","url":"https:\/\/store.actimeat.com\/fr\/","name":"Actimeat","description":"Actimeat","potentialAction":[{"@type":"SearchAction","target":{"@type":"EntryPoint","urlTemplate":"https:\/\/store.actimeat.com\/fr\/?s={search_term_string}"},"query-input":"required name=search_term_string"}],"inLanguage":"fr-FR"},{"@type":"ImageObject","@id":"https:\/\/store.actimeat.com\/fr\/produit\/mix-porc-boeuf-cuit-25-mg\/#primaryimage","inLanguage":"fr-FR","url":"https:\/\/store.actimeat.com\/wp-content\/uploads\/2018\/07\/ACTIMEAT8629-MIX-PORC-BOEUF.jpg","contentUrl":"https:\/\/store.actimeat.com\/wp-content\/uploads\/2018\/07\/ACTIMEAT8629-MIX-PORC-BOEUF.jpg","width":521,"height":391},{"@type":"WebPage","@id":"https:\/\/store.actimeat.com\/fr\/produit\/mix-porc-boeuf-cuit-25-mg\/#webpage","url":"https:\/\/store.actimeat.com\/fr\/produit\/mix-porc-boeuf-cuit-25-mg\/","name":"Mix porc\/b\u0153uf + l\u00e9gumes cuits 25% MG | Grossiste viande | Actimeat Store","isPartOf":{"@id":"https:\/\/store.actimeat.com\/fr\/#website"},"primaryImageOfPage":{"@id":"https:\/\/store.actimeat.com\/fr\/produit\/mix-porc-boeuf-cuit-25-mg\/#primaryimage"},"datePublished":"2018-07-31T12:22:10+00:00","dateModified":"2022-02-01T13:02:54+00:00","description":"M\u00e9lange de viandes de b\u0153uf et de porc cuites avec des l\u00e9gumes. Cet \u00e9gren\u00e9 vous fera gagner du temps.","breadcrumb":{"@id":"https:\/\/store.actimeat.com\/fr\/produit\/mix-porc-boeuf-cuit-25-mg\/#breadcrumb"},"inLanguage":"fr-FR","potentialAction":[{"@type":"ReadAction","target":["https:\/\/store.actimeat.com\/fr\/produit\/mix-porc-boeuf-cuit-25-mg\/"]}]},{"@type":"BreadcrumbList","@id":"https:\/\/store.actimeat.com\/fr\/produit\/mix-porc-boeuf-cuit-25-mg\/#breadcrumb","itemListElement":[{"@type":"ListItem","position":1,"name":"Accueil","item":"https:\/\/store.actimeat.com\/fr\/"},{"@type":"ListItem","position":2,"name":"Boutique","item":"https:\/\/store.actimeat.com\/fr\/boutique\/"},{"@type":"ListItem","position":3,"name":"Mix porc\/b\u0153uf cuit 25% MG"}]}]}},"_links":{"self":[{"href":"https:\/\/store.actimeat.com\/fr\/wp-json\/wp\/v2\/product\/335"}],"collection":[{"href":"https:\/\/store.actimeat.com\/fr\/wp-json\/wp\/v2\/product"}],"about":[{"href":"https:\/\/store.actimeat.com\/fr\/wp-json\/wp\/v2\/types\/product"}],"replies":[{"embeddable":true,"href":"https:\/\/store.actimeat.com\/fr\/wp-json\/wp\/v2\/comments?post=335"}],"wp:featuredmedia":[{"embeddable":true,"href":"https:\/\/store.actimeat.com\/fr\/wp-json\/wp\/v2\/media\/336"}],"wp:attachment":[{"href":"https:\/\/store.actimeat.com\/fr\/wp-json\/wp\/v2\/media?parent=335"}],"wp:term":[{"taxonomy":"product_cat","embeddable":true,"href":"https:\/\/store.actimeat.com\/fr\/wp-json\/wp\/v2\/product_cat?post=335"},{"taxonomy":"product_tag","embeddable":true,"href":"https:\/\/store.actimeat.com\/fr\/wp-json\/wp\/v2\/product_tag?post=335"}],"curies":[{"name":"wp","href":"https:\/\/api.w.org\/{rel}","templated":true}]}}