{"id":1955,"date":"2019-01-22T09:26:27","date_gmt":"2019-01-22T09:26:27","guid":{"rendered":"https:\/\/store.actimeat.com\/?post_type=product&#038;p=1955"},"modified":"2022-02-01T11:25:06","modified_gmt":"2022-02-01T11:25:06","slug":"boeuf-cru-15-mg","status":"publish","type":"product","link":"https:\/\/store.actimeat.com\/fr\/produit\/boeuf-cru-15-mg\/","title":{"rendered":"Boeuf cru 15% MG"},"content":{"rendered":"<p class=\"txt-description-produit\">On a d\u00e9velopp\u00e9 pour vous un \u00e9gren\u00e9 de viande de b\u0153uf crue, \u00e0 la texture la plus moelleuse qui soit.<\/p>\n<p class=\"txt-description-produit\">Il est id\u00e9al pour toutes vos pr\u00e9parations, des plus classiques aux plus originales (sauce bolognaise, hachis, lasagnes, feuillet\u00e9s\u2026).<\/p>\n","protected":false},"excerpt":{"rendered":"<p>On a d\u00e9velopp\u00e9 pour vous un \u00e9gren\u00e9 de viande de b\u0153uf crue, \u00e0 la texture la plus moelleuse qui soit. [&hellip;]<\/p>\n","protected":false},"featured_media":1963,"comment_status":"open","ping_status":"closed","template":"","meta":{"_mi_skip_tracking":false,"_exactmetrics_sitenote_active":false,"_exactmetrics_sitenote_note":"","_exactmetrics_sitenote_category":0,"spay_email":""},"product_cat":[27,30,32,33,23,35],"product_tag":[],"acf":[],"yoast_head":"<!-- This site is optimized with the Yoast SEO plugin v18.1 - https:\/\/yoast.com\/wordpress\/plugins\/seo\/ -->\n<title>Egren\u00e9 de b\u0153uf cru 15% MG | Grossiste viande | Actimeat Store<\/title>\n<meta name=\"description\" content=\"Egren\u00e9 de viande de b\u0153uf hach\u00e9e crue 15% MG, \u00e0 la texture moelleuse. Id\u00e9al pour les fabricants de sauce bolognaise, hachis, lasagnes, feuillet\u00e9s\u2026\" \/>\n<meta name=\"robots\" content=\"index, follow, max-snippet:-1, max-image-preview:large, max-video-preview:-1\" \/>\n<link rel=\"canonical\" href=\"https:\/\/store.actimeat.com\/fr\/produit\/boeuf-cru-15-mg\/\" \/>\n<meta property=\"og:locale\" content=\"fr_FR\" \/>\n<meta property=\"og:type\" content=\"article\" \/>\n<meta property=\"og:title\" content=\"Egren\u00e9 de b\u0153uf cru 15% MG | Grossiste viande | Actimeat Store\" \/>\n<meta property=\"og:description\" content=\"Egren\u00e9 de viande de b\u0153uf hach\u00e9e crue 15% MG, \u00e0 la texture moelleuse. Id\u00e9al pour les fabricants de sauce bolognaise, hachis, lasagnes, feuillet\u00e9s\u2026\" \/>\n<meta property=\"og:url\" content=\"https:\/\/store.actimeat.com\/fr\/produit\/boeuf-cru-15-mg\/\" \/>\n<meta property=\"og:site_name\" content=\"Actimeat\" \/>\n<meta property=\"article:modified_time\" content=\"2022-02-01T11:25:06+00:00\" \/>\n<meta property=\"og:image\" content=\"https:\/\/store.actimeat.com\/wp-content\/uploads\/2019\/01\/ACTIMEAT8378-BOEUF-CRU-15.jpg\" \/>\n\t<meta property=\"og:image:width\" content=\"521\" \/>\n\t<meta property=\"og:image:height\" content=\"391\" \/>\n\t<meta property=\"og:image:type\" content=\"image\/jpeg\" \/>\n<meta name=\"twitter:card\" content=\"summary_large_image\" \/>\n<script type=\"application\/ld+json\" class=\"yoast-schema-graph\">{\"@context\":\"https:\/\/schema.org\",\"@graph\":[{\"@type\":\"WebSite\",\"@id\":\"https:\/\/store.actimeat.com\/fr\/#website\",\"url\":\"https:\/\/store.actimeat.com\/fr\/\",\"name\":\"Actimeat\",\"description\":\"Actimeat\",\"potentialAction\":[{\"@type\":\"SearchAction\",\"target\":{\"@type\":\"EntryPoint\",\"urlTemplate\":\"https:\/\/store.actimeat.com\/fr\/?s={search_term_string}\"},\"query-input\":\"required name=search_term_string\"}],\"inLanguage\":\"fr-FR\"},{\"@type\":\"ImageObject\",\"@id\":\"https:\/\/store.actimeat.com\/fr\/produit\/boeuf-cru-15-mg\/#primaryimage\",\"inLanguage\":\"fr-FR\",\"url\":\"https:\/\/store.actimeat.com\/wp-content\/uploads\/2019\/01\/ACTIMEAT8378-BOEUF-CRU-15.jpg\",\"contentUrl\":\"https:\/\/store.actimeat.com\/wp-content\/uploads\/2019\/01\/ACTIMEAT8378-BOEUF-CRU-15.jpg\",\"width\":521,\"height\":391,\"caption\":\"ACTIMEAT8378-BOEUF-CRU-15\"},{\"@type\":\"WebPage\",\"@id\":\"https:\/\/store.actimeat.com\/fr\/produit\/boeuf-cru-15-mg\/#webpage\",\"url\":\"https:\/\/store.actimeat.com\/fr\/produit\/boeuf-cru-15-mg\/\",\"name\":\"Egren\u00e9 de b\u0153uf cru 15% MG | Grossiste viande | Actimeat Store\",\"isPartOf\":{\"@id\":\"https:\/\/store.actimeat.com\/fr\/#website\"},\"primaryImageOfPage\":{\"@id\":\"https:\/\/store.actimeat.com\/fr\/produit\/boeuf-cru-15-mg\/#primaryimage\"},\"datePublished\":\"2019-01-22T09:26:27+00:00\",\"dateModified\":\"2022-02-01T11:25:06+00:00\",\"description\":\"Egren\u00e9 de viande de b\u0153uf hach\u00e9e crue 15% MG, \u00e0 la texture moelleuse. Id\u00e9al pour les fabricants de sauce bolognaise, hachis, lasagnes, feuillet\u00e9s\u2026\",\"breadcrumb\":{\"@id\":\"https:\/\/store.actimeat.com\/fr\/produit\/boeuf-cru-15-mg\/#breadcrumb\"},\"inLanguage\":\"fr-FR\",\"potentialAction\":[{\"@type\":\"ReadAction\",\"target\":[\"https:\/\/store.actimeat.com\/fr\/produit\/boeuf-cru-15-mg\/\"]}]},{\"@type\":\"BreadcrumbList\",\"@id\":\"https:\/\/store.actimeat.com\/fr\/produit\/boeuf-cru-15-mg\/#breadcrumb\",\"itemListElement\":[{\"@type\":\"ListItem\",\"position\":1,\"name\":\"Accueil\",\"item\":\"https:\/\/store.actimeat.com\/fr\/\"},{\"@type\":\"ListItem\",\"position\":2,\"name\":\"Boutique\",\"item\":\"https:\/\/store.actimeat.com\/fr\/boutique\/\"},{\"@type\":\"ListItem\",\"position\":3,\"name\":\"Boeuf cru 15% MG\"}]}]}<\/script>\n<!-- \/ Yoast SEO plugin. -->","yoast_head_json":{"title":"Egren\u00e9 de b\u0153uf cru 15% MG | Grossiste viande | Actimeat Store","description":"Egren\u00e9 de viande de b\u0153uf hach\u00e9e crue 15% MG, \u00e0 la texture moelleuse. Id\u00e9al pour les fabricants de sauce bolognaise, hachis, lasagnes, feuillet\u00e9s\u2026","robots":{"index":"index","follow":"follow","max-snippet":"max-snippet:-1","max-image-preview":"max-image-preview:large","max-video-preview":"max-video-preview:-1"},"canonical":"https:\/\/store.actimeat.com\/fr\/produit\/boeuf-cru-15-mg\/","og_locale":"fr_FR","og_type":"article","og_title":"Egren\u00e9 de b\u0153uf cru 15% MG | Grossiste viande | Actimeat Store","og_description":"Egren\u00e9 de viande de b\u0153uf hach\u00e9e crue 15% MG, \u00e0 la texture moelleuse. Id\u00e9al pour les fabricants de sauce bolognaise, hachis, lasagnes, feuillet\u00e9s\u2026","og_url":"https:\/\/store.actimeat.com\/fr\/produit\/boeuf-cru-15-mg\/","og_site_name":"Actimeat","article_modified_time":"2022-02-01T11:25:06+00:00","og_image":[{"width":521,"height":391,"url":"https:\/\/store.actimeat.com\/wp-content\/uploads\/2019\/01\/ACTIMEAT8378-BOEUF-CRU-15.jpg","type":"image\/jpeg"}],"twitter_card":"summary_large_image","schema":{"@context":"https:\/\/schema.org","@graph":[{"@type":"WebSite","@id":"https:\/\/store.actimeat.com\/fr\/#website","url":"https:\/\/store.actimeat.com\/fr\/","name":"Actimeat","description":"Actimeat","potentialAction":[{"@type":"SearchAction","target":{"@type":"EntryPoint","urlTemplate":"https:\/\/store.actimeat.com\/fr\/?s={search_term_string}"},"query-input":"required name=search_term_string"}],"inLanguage":"fr-FR"},{"@type":"ImageObject","@id":"https:\/\/store.actimeat.com\/fr\/produit\/boeuf-cru-15-mg\/#primaryimage","inLanguage":"fr-FR","url":"https:\/\/store.actimeat.com\/wp-content\/uploads\/2019\/01\/ACTIMEAT8378-BOEUF-CRU-15.jpg","contentUrl":"https:\/\/store.actimeat.com\/wp-content\/uploads\/2019\/01\/ACTIMEAT8378-BOEUF-CRU-15.jpg","width":521,"height":391,"caption":"ACTIMEAT8378-BOEUF-CRU-15"},{"@type":"WebPage","@id":"https:\/\/store.actimeat.com\/fr\/produit\/boeuf-cru-15-mg\/#webpage","url":"https:\/\/store.actimeat.com\/fr\/produit\/boeuf-cru-15-mg\/","name":"Egren\u00e9 de b\u0153uf cru 15% MG | Grossiste viande | Actimeat Store","isPartOf":{"@id":"https:\/\/store.actimeat.com\/fr\/#website"},"primaryImageOfPage":{"@id":"https:\/\/store.actimeat.com\/fr\/produit\/boeuf-cru-15-mg\/#primaryimage"},"datePublished":"2019-01-22T09:26:27+00:00","dateModified":"2022-02-01T11:25:06+00:00","description":"Egren\u00e9 de viande de b\u0153uf hach\u00e9e crue 15% MG, \u00e0 la texture moelleuse. Id\u00e9al pour les fabricants de sauce bolognaise, hachis, lasagnes, feuillet\u00e9s\u2026","breadcrumb":{"@id":"https:\/\/store.actimeat.com\/fr\/produit\/boeuf-cru-15-mg\/#breadcrumb"},"inLanguage":"fr-FR","potentialAction":[{"@type":"ReadAction","target":["https:\/\/store.actimeat.com\/fr\/produit\/boeuf-cru-15-mg\/"]}]},{"@type":"BreadcrumbList","@id":"https:\/\/store.actimeat.com\/fr\/produit\/boeuf-cru-15-mg\/#breadcrumb","itemListElement":[{"@type":"ListItem","position":1,"name":"Accueil","item":"https:\/\/store.actimeat.com\/fr\/"},{"@type":"ListItem","position":2,"name":"Boutique","item":"https:\/\/store.actimeat.com\/fr\/boutique\/"},{"@type":"ListItem","position":3,"name":"Boeuf cru 15% MG"}]}]}},"_links":{"self":[{"href":"https:\/\/store.actimeat.com\/fr\/wp-json\/wp\/v2\/product\/1955"}],"collection":[{"href":"https:\/\/store.actimeat.com\/fr\/wp-json\/wp\/v2\/product"}],"about":[{"href":"https:\/\/store.actimeat.com\/fr\/wp-json\/wp\/v2\/types\/product"}],"replies":[{"embeddable":true,"href":"https:\/\/store.actimeat.com\/fr\/wp-json\/wp\/v2\/comments?post=1955"}],"wp:featuredmedia":[{"embeddable":true,"href":"https:\/\/store.actimeat.com\/fr\/wp-json\/wp\/v2\/media\/1963"}],"wp:attachment":[{"href":"https:\/\/store.actimeat.com\/fr\/wp-json\/wp\/v2\/media?parent=1955"}],"wp:term":[{"taxonomy":"product_cat","embeddable":true,"href":"https:\/\/store.actimeat.com\/fr\/wp-json\/wp\/v2\/product_cat?post=1955"},{"taxonomy":"product_tag","embeddable":true,"href":"https:\/\/store.actimeat.com\/fr\/wp-json\/wp\/v2\/product_tag?post=1955"}],"curies":[{"name":"wp","href":"https:\/\/api.w.org\/{rel}","templated":true}]}}