{"id":391,"date":"2018-09-26T18:08:09","date_gmt":"2018-09-26T18:08:09","guid":{"rendered":"https:\/\/store.actimeat.com\/?page_id=391"},"modified":"2018-10-01T15:34:57","modified_gmt":"2018-10-01T15:34:57","slug":"mentions-legales","status":"publish","type":"page","link":"https:\/\/store.actimeat.com\/fr\/mentions-legales\/","title":{"rendered":"Mentions l\u00e9gales"},"content":{"rendered":"<p class=\"txt-description-produit\">Bienvenue sur le site <strong>Store.actimeat.com<\/strong>\u00a0!<\/p>\n<p class=\"txt-description-produit\">Sauf disposition contraire, les pr\u00e9sentes mentions l\u00e9gales sont applicables \u00e0 votre navigation sur le site Internet Store.actimeat.com(ci-apr\u00e8s le \u00ab\u00a0Site\u00a0\u00bb).En acc\u00e9dant \u00e0 ce Site, vous reconnaissez avoir lu, compris et accept\u00e9\u00a0 les pr\u00e9sentes conditions d\u2019utilisation lesquelles forment un ensemble contractuel avec les Conditions G\u00e9n\u00e9rales de Vente et la Charte de protection des donn\u00e9es personnelleset la Charte des cookies.<\/p>\n<p class=\"txt-description-produit\">1-COORDONNEES<\/p>\n<p class=\"txt-description-produit\">2 &#8211; INFORMATIONS FIGURANT SUR LE SITE ET RESPONSABILITE<\/p>\n<p class=\"txt-description-produit\">3 &#8211; LIENS VERS D\u2019AUTRES SITES<\/p>\n<p class=\"txt-description-produit\">4- PROPRIETE INTELLECTUELLE<\/p>\n<p class=\"txt-description-produit\">5 &#8211; DROIT APPLICABLE<\/p>\n<h2>Coordonn\u00e9es<\/h2>\n<p class=\"txt-description-produit\">Le site Store.actimeat.com est la propri\u00e9t\u00e9 de la soci\u00e9t\u00e9 ACTIMEAT,SAS dont le si\u00e8ge social est situ\u00e9 F11 \u2013 ZI Saint Maurice, 04100 MANOSQUE \u2013 France, au capital de 310.500 euros, immatricul\u00e9e au RCS de Manosque sous le num\u00e9ro 322\u00a0667\u00a0585, repr\u00e9sent\u00e9e par St\u00e9phane Maloisel en qualit\u00e9 de pr\u00e9sident.<\/p>\n<p class=\"txt-description-produit\">Directeur de la publication : Fabien BOZZI, Chef de march\u00e9 e-commerce.<\/p>\n<p class=\"txt-description-produit\">Il est h\u00e9berg\u00e9 parla soci\u00e9t\u00e9 OVH, 2 rue Kellermann \u2013 59100 ROUBAIX.<\/p>\n<p class=\"txt-description-produit\">Coordonn\u00e9es du webmaster : <a href=\"mailto:store@actimeat.com\">store@actimeat.com<\/a><\/p>\n<h2><strong>Informations figurant sur le site et responsabilit\u00e9<\/strong><\/h2>\n<p class=\"txt-description-produit\">ACTIMEAT \u00a0se r\u00e9serve le droit de modifier le\u00a0 contenu du site internet store.actimeat.com\u00a0\u00e0 tout moment et sans pr\u00e9avis. ACTIMEAT ne pourra \u00eatre tenu responsable des cons\u00e9quences de telles modifications. De m\u00eame ACTIMEAT se r\u00e9serve le droit d\u2019interrompre ou de suspendre tout ou partie des fonctionnalit\u00e9s du site \u00e0 tout moment et sans pr\u00e9avis et ne pourra \u00eatre tenu responsable en cas d\u2019indisponibilit\u00e9 du site pour quelque cause que ce soit.<\/p>\n<p class=\"txt-description-produit\">ACTIMEAT fera ses meilleurs efforts pour assurer la fiabilit\u00e9, l\u2019exactitude et la mise \u00e0 jour des informations fournies sur le Site, n\u00e9anmoins ACTIMEAT ne garantit en aucune fa\u00e7on la pr\u00e9cision ou l\u2019exhaustivit\u00e9 des informations mises \u00e0 disposition sur le Site. Plus g\u00e9n\u00e9ralement, ACTIMEAT d\u00e9cline toute responsabilit\u00e9 et garantie pour tous dommages directs ou indirects qu\u2019elles qu\u2019en soient les causes, origines, natures ou cons\u00e9quences provoqu\u00e9s \u00e0 raison de l\u2019acc\u00e8s de quiconque\u00a0 au Site ou de l\u2019impossibilit\u00e9 d\u2019y acc\u00e9der.<\/p>\n<h2><strong>Liens vers d\u2019autres sites<\/strong><\/h2>\n<p class=\"txt-description-produit\">Afin de faciliter l\u2019acc\u00e8s \u00e0 d\u2019autres sites, ACTIMEAT a ins\u00e9r\u00e9 un certain nombre de liens vers des sites tiers. Cependant, il n\u2019est pas responsable de l\u2019indisponibilit\u00e9 des sites tiers, de leur contenu, publicit\u00e9 ou autres \u00e9l\u00e9ments disponibles sur ces sites. La responsabilit\u00e9 d\u2019ACTIMEAT ne saurait donc \u00eatre engag\u00e9e au titre d\u2019un site tiers auquel vous auriez pu avoir acc\u00e8s.<\/p>\n<p class=\"txt-description-produit\">La cr\u00e9ation de lien hypertexte vers le site <a href=\"http:\/\/www.store.actimeat.com\">store.actimeat.com<\/a>ne peut \u00eatre faite qu\u2019avec l\u2019autorisation expresse, \u00e9crite et pr\u00e9alable de ACTIMEAT qui d\u00e9cline toute responsabilit\u00e9 concernant le contenu, la publicit\u00e9, les produits ou les services disponibles sur ou \u00e0 partir des sites li\u00e9s par un lien hypertexte \u00e0 son site.<\/p>\n<h2><strong>Propri\u00e9t\u00e9 intellectuelle<\/strong><\/h2>\n<p class=\"txt-description-produit\">ACTIMEAT est titulaire du nom de domaine store.actimeat.com. Ce Site est une \u0153uvre de l&rsquo;esprit prot\u00e9g\u00e9e par les lois de la propri\u00e9t\u00e9 intellectuelle. Le Site dans son ensemble ainsi que les produits qui y sont vendus, et chacun des \u00e9l\u00e9ments de propri\u00e9t\u00e9 intellectuelle qui le composent (tels que textes, arborescences, logiciels, animations, photographies, illustrations, sch\u00e9mas, logos, marques, dessins et mod\u00e8les) sont la propri\u00e9t\u00e9 exclusive de ACTIMEAT et\/ou de ses soci\u00e9t\u00e9s affili\u00e9es et sont seules habilit\u00e9es \u00e0 utiliser les droits de propri\u00e9t\u00e9 intellectuelle y aff\u00e9rents.<\/p>\n<p class=\"txt-description-produit\">L&rsquo;usage de tout ou partie du Site, notamment par t\u00e9l\u00e9chargement, reproduction, transmission, repr\u00e9sentation ou diffusion \u00e0 d&rsquo;autres fins que pour votre usage personnel et priv\u00e9 dans un but commercial ou non est strictement interdit. La violation de ces dispositions vous soumet aux sanctions pr\u00e9vues par la loi.<\/p>\n<p class=\"txt-description-produit\">Lorsque vous utilisez une fonction \u00ab Partager \u00bb propos\u00e9e sur le Site afin de faire d\u00e9couvrir un produit, un \u00e9v\u00e9nement ou une communication de la marque ACTIMEAT vous reconnaissez et acceptez que les contenus mis \u00e0 disposition en partage ne doivent \u00eatre utilis\u00e9s que dans le cadre d&rsquo;un usage purement personnel \u00e0 l&rsquo;exclusion de toute utilisation commerciale sur des sites ou pages internet et\/ou tout autre support num\u00e9rique \u00e0 but commercial.<\/p>\n<h2><strong>Droit applicable<\/strong><\/h2>\n<p class=\"txt-description-produit\">Le Site et son contenu sont cr\u00e9\u00e9s conform\u00e9ment aux droit et r\u00e8gles applicables en France. M\u00eame s\u2019il est accessible par d\u2019autres utilisateurs, depuis d\u2019autres pays.<\/p>\n","protected":false},"excerpt":{"rendered":"<p>Bienvenue sur le site Store.actimeat.com\u00a0! Sauf disposition contraire, les pr\u00e9sentes mentions l\u00e9gales sont applicables \u00e0 votre navigation sur le site [&hellip;]<\/p>\n","protected":false},"author":10,"featured_media":0,"parent":0,"menu_order":0,"comment_status":"closed","ping_status":"closed","template":"template-defaut.php","meta":{"_mi_skip_tracking":false,"_exactmetrics_sitenote_active":false,"_exactmetrics_sitenote_note":"","_exactmetrics_sitenote_category":0,"spay_email":""},"categories":[],"acf":[],"yoast_head":"<!-- This site is optimized with the Yoast SEO plugin v18.1 - https:\/\/yoast.com\/wordpress\/plugins\/seo\/ -->\n<title>Mentions l\u00e9gales - Actimeat<\/title>\n<meta name=\"robots\" content=\"index, follow, max-snippet:-1, max-image-preview:large, max-video-preview:-1\" \/>\n<link rel=\"canonical\" href=\"https:\/\/store.actimeat.com\/fr\/mentions-legales\/\" \/>\n<meta property=\"og:locale\" content=\"fr_FR\" \/>\n<meta property=\"og:type\" content=\"article\" \/>\n<meta property=\"og:title\" content=\"Mentions l\u00e9gales - Actimeat\" \/>\n<meta property=\"og:description\" content=\"Bienvenue sur le site Store.actimeat.com\u00a0! Sauf disposition contraire, les pr\u00e9sentes mentions l\u00e9gales sont applicables \u00e0 votre navigation sur le site [&hellip;]\" \/>\n<meta property=\"og:url\" content=\"https:\/\/store.actimeat.com\/fr\/mentions-legales\/\" \/>\n<meta property=\"og:site_name\" content=\"Actimeat\" \/>\n<meta property=\"article:modified_time\" content=\"2018-10-01T15:34:57+00:00\" \/>\n<meta name=\"twitter:card\" content=\"summary_large_image\" \/>\n<meta name=\"twitter:label1\" content=\"Dur\u00e9e de lecture estim\u00e9e\" \/>\n\t<meta name=\"twitter:data1\" content=\"4 minutes\" \/>\n<script type=\"application\/ld+json\" class=\"yoast-schema-graph\">{\"@context\":\"https:\/\/schema.org\",\"@graph\":[{\"@type\":\"WebSite\",\"@id\":\"https:\/\/store.actimeat.com\/fr\/#website\",\"url\":\"https:\/\/store.actimeat.com\/fr\/\",\"name\":\"Actimeat\",\"description\":\"Actimeat\",\"potentialAction\":[{\"@type\":\"SearchAction\",\"target\":{\"@type\":\"EntryPoint\",\"urlTemplate\":\"https:\/\/store.actimeat.com\/fr\/?s={search_term_string}\"},\"query-input\":\"required name=search_term_string\"}],\"inLanguage\":\"fr-FR\"},{\"@type\":\"WebPage\",\"@id\":\"https:\/\/store.actimeat.com\/fr\/mentions-legales\/#webpage\",\"url\":\"https:\/\/store.actimeat.com\/fr\/mentions-legales\/\",\"name\":\"Mentions l\u00e9gales - Actimeat\",\"isPartOf\":{\"@id\":\"https:\/\/store.actimeat.com\/fr\/#website\"},\"datePublished\":\"2018-09-26T18:08:09+00:00\",\"dateModified\":\"2018-10-01T15:34:57+00:00\",\"breadcrumb\":{\"@id\":\"https:\/\/store.actimeat.com\/fr\/mentions-legales\/#breadcrumb\"},\"inLanguage\":\"fr-FR\",\"potentialAction\":[{\"@type\":\"ReadAction\",\"target\":[\"https:\/\/store.actimeat.com\/fr\/mentions-legales\/\"]}]},{\"@type\":\"BreadcrumbList\",\"@id\":\"https:\/\/store.actimeat.com\/fr\/mentions-legales\/#breadcrumb\",\"itemListElement\":[{\"@type\":\"ListItem\",\"position\":1,\"name\":\"Accueil\",\"item\":\"https:\/\/store.actimeat.com\/fr\/\"},{\"@type\":\"ListItem\",\"position\":2,\"name\":\"Mentions l\u00e9gales\"}]}]}<\/script>\n<!-- \/ Yoast SEO plugin. -->","yoast_head_json":{"title":"Mentions l\u00e9gales - Actimeat","robots":{"index":"index","follow":"follow","max-snippet":"max-snippet:-1","max-image-preview":"max-image-preview:large","max-video-preview":"max-video-preview:-1"},"canonical":"https:\/\/store.actimeat.com\/fr\/mentions-legales\/","og_locale":"fr_FR","og_type":"article","og_title":"Mentions l\u00e9gales - Actimeat","og_description":"Bienvenue sur le site Store.actimeat.com\u00a0! Sauf disposition contraire, les pr\u00e9sentes mentions l\u00e9gales sont applicables \u00e0 votre navigation sur le site [&hellip;]","og_url":"https:\/\/store.actimeat.com\/fr\/mentions-legales\/","og_site_name":"Actimeat","article_modified_time":"2018-10-01T15:34:57+00:00","twitter_card":"summary_large_image","twitter_misc":{"Dur\u00e9e de lecture estim\u00e9e":"4 minutes"},"schema":{"@context":"https:\/\/schema.org","@graph":[{"@type":"WebSite","@id":"https:\/\/store.actimeat.com\/fr\/#website","url":"https:\/\/store.actimeat.com\/fr\/","name":"Actimeat","description":"Actimeat","potentialAction":[{"@type":"SearchAction","target":{"@type":"EntryPoint","urlTemplate":"https:\/\/store.actimeat.com\/fr\/?s={search_term_string}"},"query-input":"required name=search_term_string"}],"inLanguage":"fr-FR"},{"@type":"WebPage","@id":"https:\/\/store.actimeat.com\/fr\/mentions-legales\/#webpage","url":"https:\/\/store.actimeat.com\/fr\/mentions-legales\/","name":"Mentions l\u00e9gales - Actimeat","isPartOf":{"@id":"https:\/\/store.actimeat.com\/fr\/#website"},"datePublished":"2018-09-26T18:08:09+00:00","dateModified":"2018-10-01T15:34:57+00:00","breadcrumb":{"@id":"https:\/\/store.actimeat.com\/fr\/mentions-legales\/#breadcrumb"},"inLanguage":"fr-FR","potentialAction":[{"@type":"ReadAction","target":["https:\/\/store.actimeat.com\/fr\/mentions-legales\/"]}]},{"@type":"BreadcrumbList","@id":"https:\/\/store.actimeat.com\/fr\/mentions-legales\/#breadcrumb","itemListElement":[{"@type":"ListItem","position":1,"name":"Accueil","item":"https:\/\/store.actimeat.com\/fr\/"},{"@type":"ListItem","position":2,"name":"Mentions l\u00e9gales"}]}]}},"_links":{"self":[{"href":"https:\/\/store.actimeat.com\/fr\/wp-json\/wp\/v2\/pages\/391"}],"collection":[{"href":"https:\/\/store.actimeat.com\/fr\/wp-json\/wp\/v2\/pages"}],"about":[{"href":"https:\/\/store.actimeat.com\/fr\/wp-json\/wp\/v2\/types\/page"}],"author":[{"embeddable":true,"href":"https:\/\/store.actimeat.com\/fr\/wp-json\/wp\/v2\/users\/10"}],"replies":[{"embeddable":true,"href":"https:\/\/store.actimeat.com\/fr\/wp-json\/wp\/v2\/comments?post=391"}],"version-history":[{"count":0,"href":"https:\/\/store.actimeat.com\/fr\/wp-json\/wp\/v2\/pages\/391\/revisions"}],"wp:attachment":[{"href":"https:\/\/store.actimeat.com\/fr\/wp-json\/wp\/v2\/media?parent=391"}],"wp:term":[{"taxonomy":"category","embeddable":true,"href":"https:\/\/store.actimeat.com\/fr\/wp-json\/wp\/v2\/categories?post=391"}],"curies":[{"name":"wp","href":"https:\/\/api.w.org\/{rel}","templated":true}]}}