{"id":268,"date":"2018-07-17T16:13:06","date_gmt":"2018-07-17T16:13:06","guid":{"rendered":"https:\/\/store.actimeat.com\/?page_id=268"},"modified":"2018-10-01T12:15:47","modified_gmt":"2018-10-01T12:15:47","slug":"resultats","status":"publish","type":"page","link":"https:\/\/store.actimeat.com\/fr\/resultats\/","title":{"rendered":"R\u00e9sultats"},"content":{"rendered":"","protected":false},"excerpt":{"rendered":"","protected":false},"author":1,"featured_media":0,"parent":0,"menu_order":0,"comment_status":"closed","ping_status":"closed","template":"template-resultats.php","meta":{"_mi_skip_tracking":false,"_exactmetrics_sitenote_active":false,"_exactmetrics_sitenote_note":"","_exactmetrics_sitenote_category":0,"spay_email":""},"categories":[],"acf":[],"yoast_head":"<!-- This site is optimized with the Yoast SEO plugin v18.1 - https:\/\/yoast.com\/wordpress\/plugins\/seo\/ -->\n<title>R\u00e9sultats | Grossiste viande et produits vegan | Actimeat Store<\/title>\n<meta name=\"description\" content=\"R\u00e9sultats de ma recherche sur Store Actimeat. ActiMeat: fabricant, grossiste, fournisseur d\u2019\u00e9gren\u00e9s, de boulettes ou steaks \u00e0 base de viande ou 100% vegan pour les professionnels de l\u2019agroalimentaire.\" \/>\n<meta name=\"robots\" content=\"index, follow, max-snippet:-1, max-image-preview:large, max-video-preview:-1\" \/>\n<link rel=\"canonical\" href=\"https:\/\/store.actimeat.com\/fr\/resultats\/\" \/>\n<meta property=\"og:locale\" content=\"fr_FR\" \/>\n<meta property=\"og:type\" content=\"article\" \/>\n<meta property=\"og:title\" content=\"R\u00e9sultats | Grossiste viande et produits vegan | Actimeat Store\" \/>\n<meta property=\"og:description\" content=\"R\u00e9sultats de ma recherche sur Store Actimeat. ActiMeat: fabricant, grossiste, fournisseur d\u2019\u00e9gren\u00e9s, de boulettes ou steaks \u00e0 base de viande ou 100% vegan pour les professionnels de l\u2019agroalimentaire.\" \/>\n<meta property=\"og:url\" content=\"https:\/\/store.actimeat.com\/fr\/resultats\/\" \/>\n<meta property=\"og:site_name\" content=\"Actimeat\" \/>\n<meta property=\"article:modified_time\" content=\"2018-10-01T12:15:47+00:00\" \/>\n<meta name=\"twitter:card\" content=\"summary_large_image\" \/>\n<script type=\"application\/ld+json\" class=\"yoast-schema-graph\">{\"@context\":\"https:\/\/schema.org\",\"@graph\":[{\"@type\":\"WebSite\",\"@id\":\"https:\/\/store.actimeat.com\/fr\/#website\",\"url\":\"https:\/\/store.actimeat.com\/fr\/\",\"name\":\"Actimeat\",\"description\":\"Actimeat\",\"potentialAction\":[{\"@type\":\"SearchAction\",\"target\":{\"@type\":\"EntryPoint\",\"urlTemplate\":\"https:\/\/store.actimeat.com\/fr\/?s={search_term_string}\"},\"query-input\":\"required name=search_term_string\"}],\"inLanguage\":\"fr-FR\"},{\"@type\":\"WebPage\",\"@id\":\"https:\/\/store.actimeat.com\/fr\/resultats\/#webpage\",\"url\":\"https:\/\/store.actimeat.com\/fr\/resultats\/\",\"name\":\"R\u00e9sultats | Grossiste viande et produits vegan | Actimeat Store\",\"isPartOf\":{\"@id\":\"https:\/\/store.actimeat.com\/fr\/#website\"},\"datePublished\":\"2018-07-17T16:13:06+00:00\",\"dateModified\":\"2018-10-01T12:15:47+00:00\",\"description\":\"R\u00e9sultats de ma recherche sur Store Actimeat. ActiMeat: fabricant, grossiste, fournisseur d\u2019\u00e9gren\u00e9s, de boulettes ou steaks \u00e0 base de viande ou 100% vegan pour les professionnels de l\u2019agroalimentaire.\",\"breadcrumb\":{\"@id\":\"https:\/\/store.actimeat.com\/fr\/resultats\/#breadcrumb\"},\"inLanguage\":\"fr-FR\",\"potentialAction\":[{\"@type\":\"ReadAction\",\"target\":[\"https:\/\/store.actimeat.com\/fr\/resultats\/\"]}]},{\"@type\":\"BreadcrumbList\",\"@id\":\"https:\/\/store.actimeat.com\/fr\/resultats\/#breadcrumb\",\"itemListElement\":[{\"@type\":\"ListItem\",\"position\":1,\"name\":\"Accueil\",\"item\":\"https:\/\/store.actimeat.com\/fr\/\"},{\"@type\":\"ListItem\",\"position\":2,\"name\":\"R\u00e9sultats\"}]}]}<\/script>\n<!-- \/ Yoast SEO plugin. -->","yoast_head_json":{"title":"R\u00e9sultats | Grossiste viande et produits vegan | Actimeat Store","description":"R\u00e9sultats de ma recherche sur Store Actimeat. ActiMeat: fabricant, grossiste, fournisseur d\u2019\u00e9gren\u00e9s, de boulettes ou steaks \u00e0 base de viande ou 100% vegan pour les professionnels de l\u2019agroalimentaire.","robots":{"index":"index","follow":"follow","max-snippet":"max-snippet:-1","max-image-preview":"max-image-preview:large","max-video-preview":"max-video-preview:-1"},"canonical":"https:\/\/store.actimeat.com\/fr\/resultats\/","og_locale":"fr_FR","og_type":"article","og_title":"R\u00e9sultats | Grossiste viande et produits vegan | Actimeat Store","og_description":"R\u00e9sultats de ma recherche sur Store Actimeat. ActiMeat: fabricant, grossiste, fournisseur d\u2019\u00e9gren\u00e9s, de boulettes ou steaks \u00e0 base de viande ou 100% vegan pour les professionnels de l\u2019agroalimentaire.","og_url":"https:\/\/store.actimeat.com\/fr\/resultats\/","og_site_name":"Actimeat","article_modified_time":"2018-10-01T12:15:47+00:00","twitter_card":"summary_large_image","schema":{"@context":"https:\/\/schema.org","@graph":[{"@type":"WebSite","@id":"https:\/\/store.actimeat.com\/fr\/#website","url":"https:\/\/store.actimeat.com\/fr\/","name":"Actimeat","description":"Actimeat","potentialAction":[{"@type":"SearchAction","target":{"@type":"EntryPoint","urlTemplate":"https:\/\/store.actimeat.com\/fr\/?s={search_term_string}"},"query-input":"required name=search_term_string"}],"inLanguage":"fr-FR"},{"@type":"WebPage","@id":"https:\/\/store.actimeat.com\/fr\/resultats\/#webpage","url":"https:\/\/store.actimeat.com\/fr\/resultats\/","name":"R\u00e9sultats | Grossiste viande et produits vegan | Actimeat Store","isPartOf":{"@id":"https:\/\/store.actimeat.com\/fr\/#website"},"datePublished":"2018-07-17T16:13:06+00:00","dateModified":"2018-10-01T12:15:47+00:00","description":"R\u00e9sultats de ma recherche sur Store Actimeat. ActiMeat: fabricant, grossiste, fournisseur d\u2019\u00e9gren\u00e9s, de boulettes ou steaks \u00e0 base de viande ou 100% vegan pour les professionnels de l\u2019agroalimentaire.","breadcrumb":{"@id":"https:\/\/store.actimeat.com\/fr\/resultats\/#breadcrumb"},"inLanguage":"fr-FR","potentialAction":[{"@type":"ReadAction","target":["https:\/\/store.actimeat.com\/fr\/resultats\/"]}]},{"@type":"BreadcrumbList","@id":"https:\/\/store.actimeat.com\/fr\/resultats\/#breadcrumb","itemListElement":[{"@type":"ListItem","position":1,"name":"Accueil","item":"https:\/\/store.actimeat.com\/fr\/"},{"@type":"ListItem","position":2,"name":"R\u00e9sultats"}]}]}},"_links":{"self":[{"href":"https:\/\/store.actimeat.com\/fr\/wp-json\/wp\/v2\/pages\/268"}],"collection":[{"href":"https:\/\/store.actimeat.com\/fr\/wp-json\/wp\/v2\/pages"}],"about":[{"href":"https:\/\/store.actimeat.com\/fr\/wp-json\/wp\/v2\/types\/page"}],"author":[{"embeddable":true,"href":"https:\/\/store.actimeat.com\/fr\/wp-json\/wp\/v2\/users\/1"}],"replies":[{"embeddable":true,"href":"https:\/\/store.actimeat.com\/fr\/wp-json\/wp\/v2\/comments?post=268"}],"version-history":[{"count":0,"href":"https:\/\/store.actimeat.com\/fr\/wp-json\/wp\/v2\/pages\/268\/revisions"}],"wp:attachment":[{"href":"https:\/\/store.actimeat.com\/fr\/wp-json\/wp\/v2\/media?parent=268"}],"wp:term":[{"taxonomy":"category","embeddable":true,"href":"https:\/\/store.actimeat.com\/fr\/wp-json\/wp\/v2\/categories?post=268"}],"curies":[{"name":"wp","href":"https:\/\/api.w.org\/{rel}","templated":true}]}}